{"id":19,"date":"2019-04-11T11:23:03","date_gmt":"2019-04-11T11:23:03","guid":{"rendered":"http:\/\/www.masolsava-torysa.sk\/?page_id=19"},"modified":"2019-09-11T06:49:19","modified_gmt":"2019-09-11T06:49:19","slug":"kontakt","status":"publish","type":"page","link":"https:\/\/www.masolsava-torysa.sk\/index.php\/kontakt\/","title":{"rendered":"Kontakt"},"content":{"rendered":"<p>Miestna ak\u010dn\u00e1 skupina OL\u0160AVA \u2013 TORYSA, o.z.<br \/>\nSvinica 282<br \/>\n044 45 Svinica<\/p>\n<p>I\u010cO: 42 109 507<br \/>\nDI\u010c: 20 22 952 657<\/p>\n<p>Kontakt: +421 911 037 603<br \/>\nE-mail: masolsavatorysa@gmail.com<\/p>\n<p><iframe loading=\"lazy\" style=\"border: 0;\" src=\"https:\/\/www.google.com\/maps\/embed?pb=!1m18!1m12!1m3!1d3081.152303179865!2d21.459506115670024!3d48.7323551792754!2m3!1f0!2f0!3f0!3m2!1i1024!2i768!4f13.1!3m3!1m2!1s0x473ed9fbd179589f%3A0x50fd61c1bdce7ade!2zT2JlY27DvSDDunJhZCBTdmluaWNh!5e1!3m2!1ssk!2ssk!4v1554985808178!5m2!1ssk!2ssk\" width=\"600\" height=\"450\" frameborder=\"0\" allowfullscreen=\"allowfullscreen\"><\/iframe><\/p>\n","protected":false},"excerpt":{"rendered":"<p>Miestna ak\u010dn\u00e1 skupina OL\u0160AVA \u2013 TORYSA, o.z. Svinica 282 044 45 Svinica I\u010cO: 42 109 507 DI\u010c: 20 22 952 657 Kontakt: +421 911 037 603 E-mail: masolsavatorysa@gmail.com<\/p>\n","protected":false},"author":1,"featured_media":0,"parent":0,"menu_order":0,"comment_status":"closed","ping_status":"closed","template":"","meta":{"footnotes":""},"class_list":["post-19","page","type-page","status-publish","hentry"],"_links":{"self":[{"href":"https:\/\/www.masolsava-torysa.sk\/index.php\/wp-json\/wp\/v2\/pages\/19","targetHints":{"allow":["GET"]}}],"collection":[{"href":"https:\/\/www.masolsava-torysa.sk\/index.php\/wp-json\/wp\/v2\/pages"}],"about":[{"href":"https:\/\/www.masolsava-torysa.sk\/index.php\/wp-json\/wp\/v2\/types\/page"}],"author":[{"embeddable":true,"href":"https:\/\/www.masolsava-torysa.sk\/index.php\/wp-json\/wp\/v2\/users\/1"}],"replies":[{"embeddable":true,"href":"https:\/\/www.masolsava-torysa.sk\/index.php\/wp-json\/wp\/v2\/comments?post=19"}],"version-history":[{"count":4,"href":"https:\/\/www.masolsava-torysa.sk\/index.php\/wp-json\/wp\/v2\/pages\/19\/revisions"}],"predecessor-version":[{"id":109,"href":"https:\/\/www.masolsava-torysa.sk\/index.php\/wp-json\/wp\/v2\/pages\/19\/revisions\/109"}],"wp:attachment":[{"href":"https:\/\/www.masolsava-torysa.sk\/index.php\/wp-json\/wp\/v2\/media?parent=19"}],"curies":[{"name":"wp","href":"https:\/\/api.w.org\/{rel}","templated":true}]}}